{"id":90,"date":"2025-11-10T12:49:24","date_gmt":"2025-11-10T11:49:24","guid":{"rendered":"https:\/\/escuelanacionaldelenguajecorporal.com\/?page_id=90"},"modified":"2025-11-10T12:49:24","modified_gmt":"2025-11-10T11:49:24","slug":"terminos-y-condiciones-de-uso","status":"publish","type":"page","link":"https:\/\/escuelanacionaldelenguajecorporal.com\/index.php\/terminos-y-condiciones-de-uso\/","title":{"rendered":"T\u00e9rminos y Condiciones de Uso"},"content":{"rendered":"<p data-start=\"3612\" data-end=\"3653\"><strong data-start=\"3612\" data-end=\"3653\">Escuela Nacional de Lenguaje Corporal<\/strong><\/p>\n<p data-start=\"3655\" data-end=\"3713\"><strong data-start=\"3655\" data-end=\"3689\">Fecha de \u00faltima actualizaci\u00f3n:<\/strong> 10 de noviembre de 2025<\/p>\n<hr data-start=\"3715\" data-end=\"3718\" \/>\n<div id=\"ez-toc-container\" class=\"ez-toc-v2_0_82_2 counter-hierarchy ez-toc-counter ez-toc-grey ez-toc-container-direction\">\n<div class=\"ez-toc-title-container\">\n<p class=\"ez-toc-title\" style=\"cursor:inherit\">Contenido<\/p>\n<span class=\"ez-toc-title-toggle\"><a href=\"#\" class=\"ez-toc-pull-right ez-toc-btn ez-toc-btn-xs ez-toc-btn-default ez-toc-toggle\" aria-label=\"Alternar tabla de contenidos\"><span class=\"ez-toc-js-icon-con\"><span class=\"\"><span class=\"eztoc-hide\" style=\"display:none;\">Toggle<\/span><span class=\"ez-toc-icon-toggle-span\"><svg style=\"fill: #999;color:#999\" xmlns=\"http:\/\/www.w3.org\/2000\/svg\" class=\"list-377408\" width=\"20px\" height=\"20px\" viewBox=\"0 0 24 24\" fill=\"none\"><path d=\"M6 6H4v2h2V6zm14 0H8v2h12V6zM4 11h2v2H4v-2zm16 0H8v2h12v-2zM4 16h2v2H4v-2zm16 0H8v2h12v-2z\" fill=\"currentColor\"><\/path><\/svg><svg style=\"fill: #999;color:#999\" class=\"arrow-unsorted-368013\" xmlns=\"http:\/\/www.w3.org\/2000\/svg\" width=\"10px\" height=\"10px\" viewBox=\"0 0 24 24\" version=\"1.2\" baseProfile=\"tiny\"><path d=\"M18.2 9.3l-6.2-6.3-6.2 6.3c-.2.2-.3.4-.3.7s.1.5.3.7c.2.2.4.3.7.3h11c.3 0 .5-.1.7-.3.2-.2.3-.5.3-.7s-.1-.5-.3-.7zM5.8 14.7l6.2 6.3 6.2-6.3c.2-.2.3-.5.3-.7s-.1-.5-.3-.7c-.2-.2-.4-.3-.7-.3h-11c-.3 0-.5.1-.7.3-.2.2-.3.5-.3.7s.1.5.3.7z\"\/><\/svg><\/span><\/span><\/span><\/a><\/span><\/div>\n<nav><ul class='ez-toc-list ez-toc-list-level-1 ' ><li class='ez-toc-page-1 ez-toc-heading-level-2'><a class=\"ez-toc-link ez-toc-heading-1\" href=\"https:\/\/escuelanacionaldelenguajecorporal.com\/index.php\/terminos-y-condiciones-de-uso\/#1_Objeto\" >1. Objeto<\/a><\/li><li class='ez-toc-page-1 ez-toc-heading-level-2'><a class=\"ez-toc-link ez-toc-heading-2\" href=\"https:\/\/escuelanacionaldelenguajecorporal.com\/index.php\/terminos-y-condiciones-de-uso\/#2_Servicios_ofrecidos\" >2. Servicios ofrecidos<\/a><\/li><li class='ez-toc-page-1 ez-toc-heading-level-2'><a class=\"ez-toc-link ez-toc-heading-3\" href=\"https:\/\/escuelanacionaldelenguajecorporal.com\/index.php\/terminos-y-condiciones-de-uso\/#3_Propiedad_intelectual\" >3. Propiedad intelectual<\/a><\/li><li class='ez-toc-page-1 ez-toc-heading-level-2'><a class=\"ez-toc-link ez-toc-heading-4\" href=\"https:\/\/escuelanacionaldelenguajecorporal.com\/index.php\/terminos-y-condiciones-de-uso\/#4_Registro_de_usuarios\" >4. Registro de usuarios<\/a><\/li><li class='ez-toc-page-1 ez-toc-heading-level-2'><a class=\"ez-toc-link ez-toc-heading-5\" href=\"https:\/\/escuelanacionaldelenguajecorporal.com\/index.php\/terminos-y-condiciones-de-uso\/#5_Compras_y_pagos\" >5. Compras y pagos<\/a><\/li><li class='ez-toc-page-1 ez-toc-heading-level-2'><a class=\"ez-toc-link ez-toc-heading-6\" href=\"https:\/\/escuelanacionaldelenguajecorporal.com\/index.php\/terminos-y-condiciones-de-uso\/#6_Responsabilidad_del_usuario\" >6. Responsabilidad del usuario<\/a><\/li><li class='ez-toc-page-1 ez-toc-heading-level-2'><a class=\"ez-toc-link ez-toc-heading-7\" href=\"https:\/\/escuelanacionaldelenguajecorporal.com\/index.php\/terminos-y-condiciones-de-uso\/#7_Limitacion_de_responsabilidad\" >7. Limitaci\u00f3n de responsabilidad<\/a><\/li><li class='ez-toc-page-1 ez-toc-heading-level-2'><a class=\"ez-toc-link ez-toc-heading-8\" href=\"https:\/\/escuelanacionaldelenguajecorporal.com\/index.php\/terminos-y-condiciones-de-uso\/#8_Politica_de_cancelacion_y_reembolso\" >8. Pol\u00edtica de cancelaci\u00f3n y reembolso<\/a><\/li><li class='ez-toc-page-1 ez-toc-heading-level-2'><a class=\"ez-toc-link ez-toc-heading-9\" href=\"https:\/\/escuelanacionaldelenguajecorporal.com\/index.php\/terminos-y-condiciones-de-uso\/#9_Proteccion_de_datos_personales\" >9. Protecci\u00f3n de datos personales<\/a><\/li><li class='ez-toc-page-1 ez-toc-heading-level-2'><a class=\"ez-toc-link ez-toc-heading-10\" href=\"https:\/\/escuelanacionaldelenguajecorporal.com\/index.php\/terminos-y-condiciones-de-uso\/#10_Legislacion_aplicable_y_jurisdiccion\" >10. Legislaci\u00f3n aplicable y jurisdicci\u00f3n<\/a><\/li><li class='ez-toc-page-1 ez-toc-heading-level-2'><a class=\"ez-toc-link ez-toc-heading-11\" href=\"https:\/\/escuelanacionaldelenguajecorporal.com\/index.php\/terminos-y-condiciones-de-uso\/#11_Contacto\" >11. Contacto<\/a><\/li><\/ul><\/nav><\/div>\n<h2 data-start=\"3720\" data-end=\"3732\"><span class=\"ez-toc-section\" id=\"1_Objeto\"><\/span>1. Objeto<span class=\"ez-toc-section-end\"><\/span><\/h2>\n<p data-start=\"3734\" data-end=\"3940\">Los presentes <strong data-start=\"3748\" data-end=\"3774\">T\u00e9rminos y Condiciones<\/strong> regulan el acceso y uso del sitio web [<a class=\"decorated-link cursor-pointer\" target=\"_new\" rel=\"noopener\">www.escuelanacionallenguajecorporal.com<\/a>] (en adelante, \u201cel Sitio\u201d), propiedad de la <strong data-start=\"3898\" data-end=\"3939\">Escuela Nacional de Lenguaje Corporal<\/strong>.<\/p>\n<p data-start=\"3942\" data-end=\"4093\">El acceso y uso del Sitio implica la aceptaci\u00f3n plena de los presentes t\u00e9rminos. Si no est\u00e1 de acuerdo, le recomendamos no utilizar nuestros servicios.<\/p>\n<hr data-start=\"4095\" data-end=\"4098\" \/>\n<h2 data-start=\"4100\" data-end=\"4125\"><span class=\"ez-toc-section\" id=\"2_Servicios_ofrecidos\"><\/span>2. Servicios ofrecidos<span class=\"ez-toc-section-end\"><\/span><\/h2>\n<p data-start=\"4127\" data-end=\"4336\">La Escuela ofrece formaci\u00f3n en comunicaci\u00f3n no verbal, expresi\u00f3n corporal, oratoria y otros cursos relacionados.<br data-start=\"4239\" data-end=\"4242\" \/>El acceso a determinados contenidos o servicios puede requerir <strong data-start=\"4305\" data-end=\"4335\">registro de usuario o pago<\/strong>.<\/p>\n<p data-start=\"4338\" data-end=\"4439\">Nos reservamos el derecho de modificar, suspender o eliminar contenidos y servicios sin previo aviso.<\/p>\n<hr data-start=\"4441\" data-end=\"4444\" \/>\n<h2 data-start=\"4446\" data-end=\"4473\"><span class=\"ez-toc-section\" id=\"3_Propiedad_intelectual\"><\/span>3. Propiedad intelectual<span class=\"ez-toc-section-end\"><\/span><\/h2>\n<p data-start=\"4475\" data-end=\"4760\">Todos los contenidos del Sitio (textos, im\u00e1genes, logotipos, gr\u00e1ficos, videos, documentos, etc.) son propiedad exclusiva de la <strong data-start=\"4602\" data-end=\"4643\">Escuela Nacional de Lenguaje Corporal<\/strong> o de sus respectivos autores.<br data-start=\"4673\" data-end=\"4676\" \/>Est\u00e1 prohibida su reproducci\u00f3n total o parcial sin autorizaci\u00f3n expresa por escrito.<\/p>\n<hr data-start=\"4762\" data-end=\"4765\" \/>\n<h2 data-start=\"4767\" data-end=\"4793\"><span class=\"ez-toc-section\" id=\"4_Registro_de_usuarios\"><\/span>4. Registro de usuarios<span class=\"ez-toc-section-end\"><\/span><\/h2>\n<p data-start=\"4795\" data-end=\"5050\">Para acceder a determinados servicios, el usuario puede necesitar registrarse proporcionando informaci\u00f3n veraz y actualizada.<br data-start=\"4920\" data-end=\"4923\" \/>El usuario ser\u00e1 responsable de mantener la confidencialidad de su contrase\u00f1a y de cualquier actividad realizada bajo su cuenta.<\/p>\n<hr data-start=\"5052\" data-end=\"5055\" \/>\n<h2 data-start=\"5057\" data-end=\"5078\"><span class=\"ez-toc-section\" id=\"5_Compras_y_pagos\"><\/span>5. Compras y pagos<span class=\"ez-toc-section-end\"><\/span><\/h2>\n<p data-start=\"5080\" data-end=\"5129\">Cuando el Sitio ofrezca cursos o servicios pagos:<\/p>\n<ul data-start=\"5131\" data-end=\"5377\">\n<li data-start=\"5131\" data-end=\"5188\">\n<p data-start=\"5133\" data-end=\"5188\">Los precios se mostrar\u00e1n en moneda local (DOP) o USD.<\/p>\n<\/li>\n<li data-start=\"5189\" data-end=\"5275\">\n<p data-start=\"5191\" data-end=\"5275\">Los pagos se procesar\u00e1n mediante pasarelas seguras (por ejemplo, PayPal o Stripe).<\/p>\n<\/li>\n<li data-start=\"5276\" data-end=\"5377\">\n<p data-start=\"5278\" data-end=\"5377\">El usuario acepta las condiciones espec\u00edficas de cada curso o servicio antes de efectuar el pago.<\/p>\n<\/li>\n<\/ul>\n<hr data-start=\"5379\" data-end=\"5382\" \/>\n<h2 data-start=\"5384\" data-end=\"5417\"><span class=\"ez-toc-section\" id=\"6_Responsabilidad_del_usuario\"><\/span>6. Responsabilidad del usuario<span class=\"ez-toc-section-end\"><\/span><\/h2>\n<p data-start=\"5419\" data-end=\"5524\">El usuario se compromete a utilizar el Sitio de manera responsable y conforme a la ley, absteni\u00e9ndose de:<\/p>\n<ul data-start=\"5526\" data-end=\"5699\">\n<li data-start=\"5526\" data-end=\"5568\">\n<p data-start=\"5528\" data-end=\"5568\">Introducir virus o software malicioso.<\/p>\n<\/li>\n<li data-start=\"5569\" data-end=\"5628\">\n<p data-start=\"5571\" data-end=\"5628\">Usar el Sitio para actividades il\u00edcitas o fraudulentas.<\/p>\n<\/li>\n<li data-start=\"5629\" data-end=\"5699\">\n<p data-start=\"5631\" data-end=\"5699\">Violar derechos de propiedad intelectual o privacidad de terceros.<\/p>\n<\/li>\n<\/ul>\n<hr data-start=\"5701\" data-end=\"5704\" \/>\n<h2 data-start=\"5706\" data-end=\"5741\"><span class=\"ez-toc-section\" id=\"7_Limitacion_de_responsabilidad\"><\/span>7. Limitaci\u00f3n de responsabilidad<span class=\"ez-toc-section-end\"><\/span><\/h2>\n<p data-start=\"5743\" data-end=\"5779\">La Escuela no se responsabiliza por:<\/p>\n<ul data-start=\"5781\" data-end=\"5949\">\n<li data-start=\"5781\" data-end=\"5830\">\n<p data-start=\"5783\" data-end=\"5830\">Da\u00f1os o p\u00e9rdidas derivados del uso del Sitio.<\/p>\n<\/li>\n<li data-start=\"5831\" data-end=\"5888\">\n<p data-start=\"5833\" data-end=\"5888\">Contenidos generados por terceros o enlaces externos.<\/p>\n<\/li>\n<li data-start=\"5889\" data-end=\"5949\">\n<p data-start=\"5891\" data-end=\"5949\">Interrupciones o fallos t\u00e9cnicos ajenos a nuestro control.<\/p>\n<\/li>\n<\/ul>\n<hr data-start=\"5951\" data-end=\"5954\" \/>\n<h2 data-start=\"5956\" data-end=\"5997\"><span class=\"ez-toc-section\" id=\"8_Politica_de_cancelacion_y_reembolso\"><\/span>8. Pol\u00edtica de cancelaci\u00f3n y reembolso<span class=\"ez-toc-section-end\"><\/span><\/h2>\n<p data-start=\"5999\" data-end=\"6253\">En los casos de cursos o servicios pagos, el usuario podr\u00e1 solicitar un reembolso <strong data-start=\"6081\" data-end=\"6114\">dentro de los primeros 7 d\u00edas<\/strong> desde la compra, siempre que no haya iniciado el curso o recibido material exclusivo.<br data-start=\"6200\" data-end=\"6203\" \/>Pasado ese per\u00edodo, no se realizar\u00e1n devoluciones.<\/p>\n<hr data-start=\"6255\" data-end=\"6258\" \/>\n<h2 data-start=\"6260\" data-end=\"6296\"><span class=\"ez-toc-section\" id=\"9_Proteccion_de_datos_personales\"><\/span>9. Protecci\u00f3n de datos personales<span class=\"ez-toc-section-end\"><\/span><\/h2>\n<p data-start=\"6298\" data-end=\"6414\">El tratamiento de los datos personales se rige por nuestra <strong data-start=\"6357\" data-end=\"6383\">Pol\u00edtica de Privacidad<\/strong>, disponible en esta misma web.<\/p>\n<hr data-start=\"6416\" data-end=\"6419\" \/>\n<h2 data-start=\"6421\" data-end=\"6464\"><span class=\"ez-toc-section\" id=\"10_Legislacion_aplicable_y_jurisdiccion\"><\/span>10. Legislaci\u00f3n aplicable y jurisdicci\u00f3n<span class=\"ez-toc-section-end\"><\/span><\/h2>\n<p data-start=\"6466\" data-end=\"6702\">Estos t\u00e9rminos se rigen por las leyes de la <strong data-start=\"6510\" data-end=\"6534\">Rep\u00fablica Dominicana<\/strong>, en particular por la <strong data-start=\"6557\" data-end=\"6612\">Ley No. 172-13 sobre Protecci\u00f3n de Datos Personales<\/strong>.<br data-start=\"6613\" data-end=\"6616\" \/>Cualquier controversia ser\u00e1 resuelta ante los tribunales competentes de Santo Domingo.<\/p>\n<hr data-start=\"6704\" data-end=\"6707\" \/>\n<h2 data-start=\"6709\" data-end=\"6724\"><span class=\"ez-toc-section\" id=\"11_Contacto\"><\/span>11. Contacto<span class=\"ez-toc-section-end\"><\/span><\/h2>\n<p data-start=\"6726\" data-end=\"6906\">Si tiene dudas o comentarios sobre estos T\u00e9rminos y Condiciones, puede comunicarse con nosotros a:<br data-start=\"6824\" data-end=\"6827\" \/>\ud83d\udce7 <strong data-start=\"6830\" data-end=\"6878\"><a class=\"decorated-link cursor-pointer\" rel=\"noopener\" data-start=\"6832\" data-end=\"6876\">contacto@escuelanacionallenguajecorporal.com<\/a><\/strong><br data-start=\"6878\" data-end=\"6881\" \/>\ud83d\udccd Rep\u00fablica Dominicana<\/p>\n","protected":false},"excerpt":{"rendered":"<p>Escuela Nacional de Lenguaje Corporal Fecha de \u00faltima actualizaci\u00f3n: 10 de noviembre de 2025 1. Objeto Los presentes T\u00e9rminos y [&hellip;]<\/p>\n","protected":false},"author":1,"featured_media":0,"parent":0,"menu_order":0,"comment_status":"closed","ping_status":"closed","template":"","meta":{"site-sidebar-layout":"default","site-content-layout":"","ast-site-content-layout":"default","site-content-style":"default","site-sidebar-style":"default","ast-global-header-display":"","ast-banner-title-visibility":"","ast-main-header-display":"","ast-hfb-above-header-display":"","ast-hfb-below-header-display":"","ast-hfb-mobile-header-display":"","site-post-title":"","ast-breadcrumbs-content":"","ast-featured-img":"","footer-sml-layout":"","ast-disable-related-posts":"","theme-transparent-header-meta":"","adv-header-id-meta":"","stick-header-meta":"","header-above-stick-meta":"","header-main-stick-meta":"","header-below-stick-meta":"","astra-migrate-meta-layouts":"default","ast-page-background-enabled":"default","ast-page-background-meta":{"desktop":{"background-color":"var(--ast-global-color-5)","background-image":"","background-repeat":"repeat","background-position":"center center","background-size":"auto","background-attachment":"scroll","background-type":"","background-media":"","overlay-type":"","overlay-color":"","overlay-opacity":"","overlay-gradient":""},"tablet":{"background-color":"","background-image":"","background-repeat":"repeat","background-position":"center center","background-size":"auto","background-attachment":"scroll","background-type":"","background-media":"","overlay-type":"","overlay-color":"","overlay-opacity":"","overlay-gradient":""},"mobile":{"background-color":"","background-image":"","background-repeat":"repeat","background-position":"center center","background-size":"auto","background-attachment":"scroll","background-type":"","background-media":"","overlay-type":"","overlay-color":"","overlay-opacity":"","overlay-gradient":""}},"ast-content-background-meta":{"desktop":{"background-color":"var(--ast-global-color-4)","background-image":"","background-repeat":"repeat","background-position":"center center","background-size":"auto","background-attachment":"scroll","background-type":"","background-media":"","overlay-type":"","overlay-color":"","overlay-opacity":"","overlay-gradient":""},"tablet":{"background-color":"var(--ast-global-color-4)","background-image":"","background-repeat":"repeat","background-position":"center center","background-size":"auto","background-attachment":"scroll","background-type":"","background-media":"","overlay-type":"","overlay-color":"","overlay-opacity":"","overlay-gradient":""},"mobile":{"background-color":"var(--ast-global-color-4)","background-image":"","background-repeat":"repeat","background-position":"center center","background-size":"auto","background-attachment":"scroll","background-type":"","background-media":"","overlay-type":"","overlay-color":"","overlay-opacity":"","overlay-gradient":""}},"footnotes":""},"class_list":["post-90","page","type-page","status-publish","hentry"],"yoast_head":"<!-- This site is optimized with the Yoast SEO plugin v27.3 - https:\/\/yoast.com\/product\/yoast-seo-wordpress\/ -->\n<title>T\u00e9rminos y Condiciones de Uso - Escuela Nacional de Lenguaje Corporal<\/title>\n<meta name=\"robots\" content=\"index, follow, max-snippet:-1, max-image-preview:large, max-video-preview:-1\" \/>\n<link rel=\"canonical\" href=\"https:\/\/escuelanacionaldelenguajecorporal.com\/index.php\/terminos-y-condiciones-de-uso\/\" \/>\n<meta property=\"og:locale\" content=\"es_ES\" \/>\n<meta property=\"og:type\" content=\"article\" \/>\n<meta property=\"og:title\" content=\"T\u00e9rminos y Condiciones de Uso - Escuela Nacional de Lenguaje Corporal\" \/>\n<meta property=\"og:description\" content=\"Escuela Nacional de Lenguaje Corporal Fecha de \u00faltima actualizaci\u00f3n: 10 de noviembre de 2025 1. Objeto Los presentes T\u00e9rminos y [&hellip;]\" \/>\n<meta property=\"og:url\" content=\"https:\/\/escuelanacionaldelenguajecorporal.com\/index.php\/terminos-y-condiciones-de-uso\/\" \/>\n<meta property=\"og:site_name\" content=\"Escuela Nacional de Lenguaje Corporal\" \/>\n<meta name=\"twitter:card\" content=\"summary_large_image\" \/>\n<meta name=\"twitter:label1\" content=\"Tiempo de lectura\" \/>\n\t<meta name=\"twitter:data1\" content=\"2 minutos\" \/>\n<script type=\"application\/ld+json\" class=\"yoast-schema-graph\">{\"@context\":\"https:\\\/\\\/schema.org\",\"@graph\":[{\"@type\":\"WebPage\",\"@id\":\"https:\\\/\\\/escuelanacionaldelenguajecorporal.com\\\/index.php\\\/terminos-y-condiciones-de-uso\\\/\",\"url\":\"https:\\\/\\\/escuelanacionaldelenguajecorporal.com\\\/index.php\\\/terminos-y-condiciones-de-uso\\\/\",\"name\":\"T\u00e9rminos y Condiciones de Uso - Escuela Nacional de Lenguaje Corporal\",\"isPartOf\":{\"@id\":\"https:\\\/\\\/escuelanacionaldelenguajecorporal.com\\\/#website\"},\"datePublished\":\"2025-11-10T11:49:24+00:00\",\"breadcrumb\":{\"@id\":\"https:\\\/\\\/escuelanacionaldelenguajecorporal.com\\\/index.php\\\/terminos-y-condiciones-de-uso\\\/#breadcrumb\"},\"inLanguage\":\"es\",\"potentialAction\":[{\"@type\":\"ReadAction\",\"target\":[\"https:\\\/\\\/escuelanacionaldelenguajecorporal.com\\\/index.php\\\/terminos-y-condiciones-de-uso\\\/\"]}]},{\"@type\":\"BreadcrumbList\",\"@id\":\"https:\\\/\\\/escuelanacionaldelenguajecorporal.com\\\/index.php\\\/terminos-y-condiciones-de-uso\\\/#breadcrumb\",\"itemListElement\":[{\"@type\":\"ListItem\",\"position\":1,\"name\":\"Portada\",\"item\":\"https:\\\/\\\/escuelanacionaldelenguajecorporal.com\\\/\"},{\"@type\":\"ListItem\",\"position\":2,\"name\":\"T\u00e9rminos y Condiciones de Uso\"}]},{\"@type\":\"WebSite\",\"@id\":\"https:\\\/\\\/escuelanacionaldelenguajecorporal.com\\\/#website\",\"url\":\"https:\\\/\\\/escuelanacionaldelenguajecorporal.com\\\/\",\"name\":\"Escuela Nacional de Lenguaje Corporal\",\"description\":\"\",\"publisher\":{\"@id\":\"https:\\\/\\\/escuelanacionaldelenguajecorporal.com\\\/#organization\"},\"potentialAction\":[{\"@type\":\"SearchAction\",\"target\":{\"@type\":\"EntryPoint\",\"urlTemplate\":\"https:\\\/\\\/escuelanacionaldelenguajecorporal.com\\\/?s={search_term_string}\"},\"query-input\":{\"@type\":\"PropertyValueSpecification\",\"valueRequired\":true,\"valueName\":\"search_term_string\"}}],\"inLanguage\":\"es\"},{\"@type\":\"Organization\",\"@id\":\"https:\\\/\\\/escuelanacionaldelenguajecorporal.com\\\/#organization\",\"name\":\"Escuela Nacional de Lenguaje Corporal\",\"url\":\"https:\\\/\\\/escuelanacionaldelenguajecorporal.com\\\/\",\"logo\":{\"@type\":\"ImageObject\",\"inLanguage\":\"es\",\"@id\":\"https:\\\/\\\/escuelanacionaldelenguajecorporal.com\\\/#\\\/schema\\\/logo\\\/image\\\/\",\"url\":\"https:\\\/\\\/escuelanacionaldelenguajecorporal.com\\\/wp-content\\\/uploads\\\/2025\\\/11\\\/IMG_20250911_221748_232_080035-removebg-preview.png\",\"contentUrl\":\"https:\\\/\\\/escuelanacionaldelenguajecorporal.com\\\/wp-content\\\/uploads\\\/2025\\\/11\\\/IMG_20250911_221748_232_080035-removebg-preview.png\",\"width\":500,\"height\":500,\"caption\":\"Escuela Nacional de Lenguaje Corporal\"},\"image\":{\"@id\":\"https:\\\/\\\/escuelanacionaldelenguajecorporal.com\\\/#\\\/schema\\\/logo\\\/image\\\/\"}}]}<\/script>\n<!-- \/ Yoast SEO plugin. -->","yoast_head_json":{"title":"T\u00e9rminos y Condiciones de Uso - Escuela Nacional de Lenguaje Corporal","robots":{"index":"index","follow":"follow","max-snippet":"max-snippet:-1","max-image-preview":"max-image-preview:large","max-video-preview":"max-video-preview:-1"},"canonical":"https:\/\/escuelanacionaldelenguajecorporal.com\/index.php\/terminos-y-condiciones-de-uso\/","og_locale":"es_ES","og_type":"article","og_title":"T\u00e9rminos y Condiciones de Uso - Escuela Nacional de Lenguaje Corporal","og_description":"Escuela Nacional de Lenguaje Corporal Fecha de \u00faltima actualizaci\u00f3n: 10 de noviembre de 2025 1. Objeto Los presentes T\u00e9rminos y [&hellip;]","og_url":"https:\/\/escuelanacionaldelenguajecorporal.com\/index.php\/terminos-y-condiciones-de-uso\/","og_site_name":"Escuela Nacional de Lenguaje Corporal","twitter_card":"summary_large_image","twitter_misc":{"Tiempo de lectura":"2 minutos"},"schema":{"@context":"https:\/\/schema.org","@graph":[{"@type":"WebPage","@id":"https:\/\/escuelanacionaldelenguajecorporal.com\/index.php\/terminos-y-condiciones-de-uso\/","url":"https:\/\/escuelanacionaldelenguajecorporal.com\/index.php\/terminos-y-condiciones-de-uso\/","name":"T\u00e9rminos y Condiciones de Uso - Escuela Nacional de Lenguaje Corporal","isPartOf":{"@id":"https:\/\/escuelanacionaldelenguajecorporal.com\/#website"},"datePublished":"2025-11-10T11:49:24+00:00","breadcrumb":{"@id":"https:\/\/escuelanacionaldelenguajecorporal.com\/index.php\/terminos-y-condiciones-de-uso\/#breadcrumb"},"inLanguage":"es","potentialAction":[{"@type":"ReadAction","target":["https:\/\/escuelanacionaldelenguajecorporal.com\/index.php\/terminos-y-condiciones-de-uso\/"]}]},{"@type":"BreadcrumbList","@id":"https:\/\/escuelanacionaldelenguajecorporal.com\/index.php\/terminos-y-condiciones-de-uso\/#breadcrumb","itemListElement":[{"@type":"ListItem","position":1,"name":"Portada","item":"https:\/\/escuelanacionaldelenguajecorporal.com\/"},{"@type":"ListItem","position":2,"name":"T\u00e9rminos y Condiciones de Uso"}]},{"@type":"WebSite","@id":"https:\/\/escuelanacionaldelenguajecorporal.com\/#website","url":"https:\/\/escuelanacionaldelenguajecorporal.com\/","name":"Escuela Nacional de Lenguaje Corporal","description":"","publisher":{"@id":"https:\/\/escuelanacionaldelenguajecorporal.com\/#organization"},"potentialAction":[{"@type":"SearchAction","target":{"@type":"EntryPoint","urlTemplate":"https:\/\/escuelanacionaldelenguajecorporal.com\/?s={search_term_string}"},"query-input":{"@type":"PropertyValueSpecification","valueRequired":true,"valueName":"search_term_string"}}],"inLanguage":"es"},{"@type":"Organization","@id":"https:\/\/escuelanacionaldelenguajecorporal.com\/#organization","name":"Escuela Nacional de Lenguaje Corporal","url":"https:\/\/escuelanacionaldelenguajecorporal.com\/","logo":{"@type":"ImageObject","inLanguage":"es","@id":"https:\/\/escuelanacionaldelenguajecorporal.com\/#\/schema\/logo\/image\/","url":"https:\/\/escuelanacionaldelenguajecorporal.com\/wp-content\/uploads\/2025\/11\/IMG_20250911_221748_232_080035-removebg-preview.png","contentUrl":"https:\/\/escuelanacionaldelenguajecorporal.com\/wp-content\/uploads\/2025\/11\/IMG_20250911_221748_232_080035-removebg-preview.png","width":500,"height":500,"caption":"Escuela Nacional de Lenguaje Corporal"},"image":{"@id":"https:\/\/escuelanacionaldelenguajecorporal.com\/#\/schema\/logo\/image\/"}}]}},"_links":{"self":[{"href":"https:\/\/escuelanacionaldelenguajecorporal.com\/index.php\/wp-json\/wp\/v2\/pages\/90","targetHints":{"allow":["GET"]}}],"collection":[{"href":"https:\/\/escuelanacionaldelenguajecorporal.com\/index.php\/wp-json\/wp\/v2\/pages"}],"about":[{"href":"https:\/\/escuelanacionaldelenguajecorporal.com\/index.php\/wp-json\/wp\/v2\/types\/page"}],"author":[{"embeddable":true,"href":"https:\/\/escuelanacionaldelenguajecorporal.com\/index.php\/wp-json\/wp\/v2\/users\/1"}],"replies":[{"embeddable":true,"href":"https:\/\/escuelanacionaldelenguajecorporal.com\/index.php\/wp-json\/wp\/v2\/comments?post=90"}],"version-history":[{"count":1,"href":"https:\/\/escuelanacionaldelenguajecorporal.com\/index.php\/wp-json\/wp\/v2\/pages\/90\/revisions"}],"predecessor-version":[{"id":91,"href":"https:\/\/escuelanacionaldelenguajecorporal.com\/index.php\/wp-json\/wp\/v2\/pages\/90\/revisions\/91"}],"wp:attachment":[{"href":"https:\/\/escuelanacionaldelenguajecorporal.com\/index.php\/wp-json\/wp\/v2\/media?parent=90"}],"curies":[{"name":"wp","href":"https:\/\/api.w.org\/{rel}","templated":true}]}}