{"id":69,"date":"2025-11-10T12:24:42","date_gmt":"2025-11-10T11:24:42","guid":{"rendered":"https:\/\/escuelanacionaldelenguajecorporal.com\/?page_id=69"},"modified":"2025-11-10T12:24:42","modified_gmt":"2025-11-10T11:24:42","slug":"politica-de-cookies","status":"publish","type":"page","link":"https:\/\/escuelanacionaldelenguajecorporal.com\/index.php\/politica-de-cookies\/","title":{"rendered":"Pol\u00edtica de Cookies"},"content":{"rendered":"<p data-start=\"282\" data-end=\"323\"><strong data-start=\"282\" data-end=\"323\">Escuela Nacional de Lenguaje Corporal<\/strong><\/p>\n<p data-start=\"325\" data-end=\"383\"><strong data-start=\"325\" data-end=\"359\">Fecha de \u00faltima actualizaci\u00f3n:<\/strong> 10 de noviembre de 2025<\/p>\n<div id=\"ez-toc-container\" class=\"ez-toc-v2_0_82_2 counter-hierarchy ez-toc-counter ez-toc-grey ez-toc-container-direction\">\n<div class=\"ez-toc-title-container\">\n<p class=\"ez-toc-title\" style=\"cursor:inherit\">Contenido<\/p>\n<span class=\"ez-toc-title-toggle\"><a href=\"#\" class=\"ez-toc-pull-right ez-toc-btn ez-toc-btn-xs ez-toc-btn-default ez-toc-toggle\" aria-label=\"Alternar tabla de contenidos\"><span class=\"ez-toc-js-icon-con\"><span class=\"\"><span class=\"eztoc-hide\" style=\"display:none;\">Toggle<\/span><span class=\"ez-toc-icon-toggle-span\"><svg style=\"fill: #999;color:#999\" xmlns=\"http:\/\/www.w3.org\/2000\/svg\" class=\"list-377408\" width=\"20px\" height=\"20px\" viewBox=\"0 0 24 24\" fill=\"none\"><path d=\"M6 6H4v2h2V6zm14 0H8v2h12V6zM4 11h2v2H4v-2zm16 0H8v2h12v-2zM4 16h2v2H4v-2zm16 0H8v2h12v-2z\" fill=\"currentColor\"><\/path><\/svg><svg style=\"fill: #999;color:#999\" class=\"arrow-unsorted-368013\" xmlns=\"http:\/\/www.w3.org\/2000\/svg\" width=\"10px\" height=\"10px\" viewBox=\"0 0 24 24\" version=\"1.2\" baseProfile=\"tiny\"><path d=\"M18.2 9.3l-6.2-6.3-6.2 6.3c-.2.2-.3.4-.3.7s.1.5.3.7c.2.2.4.3.7.3h11c.3 0 .5-.1.7-.3.2-.2.3-.5.3-.7s-.1-.5-.3-.7zM5.8 14.7l6.2 6.3 6.2-6.3c.2-.2.3-.5.3-.7s-.1-.5-.3-.7c-.2-.2-.4-.3-.7-.3h-11c-.3 0-.5.1-.7.3-.2.2-.3.5-.3.7s.1.5.3.7z\"\/><\/svg><\/span><\/span><\/span><\/a><\/span><\/div>\n<nav><ul class='ez-toc-list ez-toc-list-level-1 ' ><li class='ez-toc-page-1 ez-toc-heading-level-2'><a class=\"ez-toc-link ez-toc-heading-1\" href=\"https:\/\/escuelanacionaldelenguajecorporal.com\/index.php\/politica-de-cookies\/#1_%C2%BFQue_son_las_cookies\" >1. \u00bfQu\u00e9 son las cookies?<\/a><\/li><li class='ez-toc-page-1 ez-toc-heading-level-2'><a class=\"ez-toc-link ez-toc-heading-2\" href=\"https:\/\/escuelanacionaldelenguajecorporal.com\/index.php\/politica-de-cookies\/#2_%C2%BFQue_tipos_de_cookies_utilizamos\" >2. \u00bfQu\u00e9 tipos de cookies utilizamos?<\/a><ul class='ez-toc-list-level-3' ><li class='ez-toc-heading-level-3'><a class=\"ez-toc-link ez-toc-heading-3\" href=\"https:\/\/escuelanacionaldelenguajecorporal.com\/index.php\/politica-de-cookies\/#a_Cookies_esenciales\" >a) Cookies esenciales<\/a><\/li><li class='ez-toc-page-1 ez-toc-heading-level-3'><a class=\"ez-toc-link ez-toc-heading-4\" href=\"https:\/\/escuelanacionaldelenguajecorporal.com\/index.php\/politica-de-cookies\/#b_Cookies_de_rendimiento_y_analiticas\" >b) Cookies de rendimiento y anal\u00edticas<\/a><\/li><li class='ez-toc-page-1 ez-toc-heading-level-3'><a class=\"ez-toc-link ez-toc-heading-5\" href=\"https:\/\/escuelanacionaldelenguajecorporal.com\/index.php\/politica-de-cookies\/#c_Cookies_de_funcionalidad\" >c) Cookies de funcionalidad<\/a><\/li><li class='ez-toc-page-1 ez-toc-heading-level-3'><a class=\"ez-toc-link ez-toc-heading-6\" href=\"https:\/\/escuelanacionaldelenguajecorporal.com\/index.php\/politica-de-cookies\/#d_Cookies_publicitarias\" >d) Cookies publicitarias<\/a><\/li><\/ul><\/li><li class='ez-toc-page-1 ez-toc-heading-level-2'><a class=\"ez-toc-link ez-toc-heading-7\" href=\"https:\/\/escuelanacionaldelenguajecorporal.com\/index.php\/politica-de-cookies\/#3_Cookies_de_terceros\" >3. Cookies de terceros<\/a><\/li><li class='ez-toc-page-1 ez-toc-heading-level-2'><a class=\"ez-toc-link ez-toc-heading-8\" href=\"https:\/\/escuelanacionaldelenguajecorporal.com\/index.php\/politica-de-cookies\/#4_Consentimiento_del_usuario\" >4. Consentimiento del usuario<\/a><\/li><li class='ez-toc-page-1 ez-toc-heading-level-2'><a class=\"ez-toc-link ez-toc-heading-9\" href=\"https:\/\/escuelanacionaldelenguajecorporal.com\/index.php\/politica-de-cookies\/#5_Como_gestionar_o_eliminar_las_cookies\" >5. C\u00f3mo gestionar o eliminar las cookies<\/a><\/li><li class='ez-toc-page-1 ez-toc-heading-level-2'><a class=\"ez-toc-link ez-toc-heading-10\" href=\"https:\/\/escuelanacionaldelenguajecorporal.com\/index.php\/politica-de-cookies\/#6_Cambios_en_la_politica_de_cookies\" >6. Cambios en la pol\u00edtica de cookies<\/a><\/li><li class='ez-toc-page-1 ez-toc-heading-level-2'><a class=\"ez-toc-link ez-toc-heading-11\" href=\"https:\/\/escuelanacionaldelenguajecorporal.com\/index.php\/politica-de-cookies\/#7_Contacto\" >7. Contacto<\/a><\/li><\/ul><\/nav><\/div>\n<h2 data-start=\"390\" data-end=\"417\"><span class=\"ez-toc-section\" id=\"1_%C2%BFQue_son_las_cookies\"><\/span>1. \u00bfQu\u00e9 son las cookies?<span class=\"ez-toc-section-end\"><\/span><\/h2>\n<p data-start=\"419\" data-end=\"710\">Las <strong data-start=\"423\" data-end=\"434\">cookies<\/strong> son peque\u00f1os archivos de texto que se almacenan en su dispositivo (computadora, tablet o m\u00f3vil) al visitar un sitio web. Estas permiten que el sitio recuerde sus acciones y preferencias (como inicio de sesi\u00f3n, idioma o configuraci\u00f3n) durante un per\u00edodo de tiempo determinado.<\/p>\n<h2 data-start=\"717\" data-end=\"756\"><span class=\"ez-toc-section\" id=\"2_%C2%BFQue_tipos_de_cookies_utilizamos\"><\/span>2. \u00bfQu\u00e9 tipos de cookies utilizamos?<span class=\"ez-toc-section-end\"><\/span><\/h2>\n<p data-start=\"758\" data-end=\"849\">En la <strong data-start=\"764\" data-end=\"805\">Escuela Nacional de Lenguaje Corporal<\/strong> utilizamos los siguientes tipos de cookies:<\/p>\n<h3 data-start=\"851\" data-end=\"880\"><span class=\"ez-toc-section\" id=\"a_Cookies_esenciales\"><\/span>a) <strong data-start=\"858\" data-end=\"880\">Cookies esenciales<\/strong><span class=\"ez-toc-section-end\"><\/span><\/h3>\n<p data-start=\"881\" data-end=\"1053\">Son necesarias para el correcto funcionamiento del sitio web y para permitir la navegaci\u00f3n y el acceso a \u00e1reas seguras (por ejemplo, formularios, inicio de sesi\u00f3n, etc.).<\/p>\n<blockquote data-start=\"1054\" data-end=\"1128\">\n<p data-start=\"1056\" data-end=\"1128\">Sin estas cookies, algunos servicios podr\u00edan no funcionar adecuadamente.<\/p>\n<\/blockquote>\n<h3 data-start=\"1130\" data-end=\"1176\"><span class=\"ez-toc-section\" id=\"b_Cookies_de_rendimiento_y_analiticas\"><\/span>b) <strong data-start=\"1137\" data-end=\"1176\">Cookies de rendimiento y anal\u00edticas<\/strong><span class=\"ez-toc-section-end\"><\/span><\/h3>\n<p data-start=\"1177\" data-end=\"1344\">Nos permiten comprender c\u00f3mo los usuarios interact\u00faan con el sitio, recopilando informaci\u00f3n de forma an\u00f3nima.<br data-start=\"1286\" data-end=\"1289\" \/>Ejemplo: <strong data-start=\"1298\" data-end=\"1318\">Google Analytics<\/strong> o <strong data-start=\"1321\" data-end=\"1343\">Google Tag Manager<\/strong>.<\/p>\n<h3 data-start=\"1346\" data-end=\"1381\"><span class=\"ez-toc-section\" id=\"c_Cookies_de_funcionalidad\"><\/span>c) <strong data-start=\"1353\" data-end=\"1381\">Cookies de funcionalidad<\/strong><span class=\"ez-toc-section-end\"><\/span><\/h3>\n<p data-start=\"1382\" data-end=\"1497\">Permiten recordar preferencias del usuario, como el idioma o la regi\u00f3n, para ofrecer una experiencia personalizada.<\/p>\n<h3 data-start=\"1499\" data-end=\"1531\"><span class=\"ez-toc-section\" id=\"d_Cookies_publicitarias\"><\/span>d) <strong data-start=\"1506\" data-end=\"1531\">Cookies publicitarias<\/strong><span class=\"ez-toc-section-end\"><\/span><\/h3>\n<p data-start=\"1532\" data-end=\"1738\">Utilizadas por herramientas como <strong data-start=\"1565\" data-end=\"1579\">Google Ads<\/strong> para mostrar anuncios relevantes y limitar la cantidad de veces que ve un anuncio.<br data-start=\"1662\" data-end=\"1665\" \/>Tambi\u00e9n ayudan a medir la efectividad de nuestras campa\u00f1as publicitarias.<\/p>\n<h2 data-start=\"1745\" data-end=\"1770\"><span class=\"ez-toc-section\" id=\"3_Cookies_de_terceros\"><\/span>3. Cookies de terceros<span class=\"ez-toc-section-end\"><\/span><\/h2>\n<p data-start=\"1772\" data-end=\"2029\">Algunas cookies son administradas por <strong data-start=\"1810\" data-end=\"1822\">terceros<\/strong>, como Google, Meta (Facebook\/Instagram) o YouTube, cuando se visualiza contenido incrustado o anuncios.<br data-start=\"1926\" data-end=\"1929\" \/>Estas empresas pueden usar la informaci\u00f3n recopilada conforme a sus propias pol\u00edticas de privacidad:<\/p>\n<ul data-start=\"2031\" data-end=\"2277\">\n<li data-start=\"2031\" data-end=\"2112\">\n<p data-start=\"2033\" data-end=\"2112\"><a class=\"decorated-link\" href=\"https:\/\/policies.google.com\/privacy?hl=es\" target=\"_new\" rel=\"noopener\" data-start=\"2033\" data-end=\"2110\">Pol\u00edtica de privacidad de Google<\/a><\/p>\n<\/li>\n<li data-start=\"2113\" data-end=\"2205\">\n<p data-start=\"2115\" data-end=\"2205\"><a class=\"decorated-link\" href=\"https:\/\/policies.google.com\/technologies\/cookies?hl=es\" target=\"_new\" rel=\"noopener\" data-start=\"2115\" data-end=\"2203\">Pol\u00edtica de cookies de YouTube<\/a><\/p>\n<\/li>\n<li data-start=\"2206\" data-end=\"2277\">\n<p data-start=\"2208\" data-end=\"2277\"><a class=\"decorated-link cursor-pointer\" target=\"_new\" rel=\"noopener\" data-start=\"2208\" data-end=\"2277\">Pol\u00edtica de privacidad de Meta<\/a><\/p>\n<\/li>\n<\/ul>\n<h2 data-start=\"2284\" data-end=\"2316\"><span class=\"ez-toc-section\" id=\"4_Consentimiento_del_usuario\"><\/span>4. Consentimiento del usuario<span class=\"ez-toc-section-end\"><\/span><\/h2>\n<p data-start=\"2318\" data-end=\"2629\">Al acceder por primera vez al Sitio, se le mostrar\u00e1 un <strong data-start=\"2373\" data-end=\"2402\">banner o aviso de cookies<\/strong> solicitando su consentimiento.<br data-start=\"2433\" data-end=\"2436\" \/>Puede aceptar todas las cookies, rechazarlas o personalizar sus preferencias.<br data-start=\"2513\" data-end=\"2516\" \/>El consentimiento puede modificarse en cualquier momento desde la configuraci\u00f3n del navegador o del propio aviso.<\/p>\n<h2 data-start=\"2636\" data-end=\"2679\"><span class=\"ez-toc-section\" id=\"5_Como_gestionar_o_eliminar_las_cookies\"><\/span>5. C\u00f3mo gestionar o eliminar las cookies<span class=\"ez-toc-section-end\"><\/span><\/h2>\n<p data-start=\"2681\" data-end=\"2782\">Puede eliminar o bloquear las cookies en cualquier momento mediante la configuraci\u00f3n de su navegador:<\/p>\n<ul data-start=\"2784\" data-end=\"3081\">\n<li data-start=\"2784\" data-end=\"2870\">\n<p data-start=\"2786\" data-end=\"2870\"><strong data-start=\"2786\" data-end=\"2804\">Google Chrome:<\/strong> Configuraci\u00f3n \u2192 Privacidad y seguridad \u2192 Cookies y otros datos.<\/p>\n<\/li>\n<li data-start=\"2871\" data-end=\"2958\">\n<p data-start=\"2873\" data-end=\"2958\"><strong data-start=\"2873\" data-end=\"2893\">Mozilla Firefox:<\/strong> Opciones \u2192 Privacidad y seguridad \u2192 Cookies y datos del sitio.<\/p>\n<\/li>\n<li data-start=\"2959\" data-end=\"3028\">\n<p data-start=\"2961\" data-end=\"3028\"><strong data-start=\"2961\" data-end=\"2980\">Microsoft Edge:<\/strong> Configuraci\u00f3n \u2192 Cookies y permisos del sitio.<\/p>\n<\/li>\n<li data-start=\"3029\" data-end=\"3081\">\n<p data-start=\"3031\" data-end=\"3081\"><strong data-start=\"3031\" data-end=\"3054\">Safari (iOS\/macOS):<\/strong> Preferencias \u2192 Privacidad.<\/p>\n<\/li>\n<\/ul>\n<p data-start=\"3083\" data-end=\"3177\">Tenga en cuenta que al desactivar algunas cookies, el sitio podr\u00eda no funcionar correctamente.<\/p>\n<h2 data-start=\"3184\" data-end=\"3223\"><span class=\"ez-toc-section\" id=\"6_Cambios_en_la_politica_de_cookies\"><\/span>6. Cambios en la pol\u00edtica de cookies<span class=\"ez-toc-section-end\"><\/span><\/h2>\n<p data-start=\"3225\" data-end=\"3397\">Podemos actualizar esta pol\u00edtica ocasionalmente para reflejar cambios t\u00e9cnicos, legales o de funcionamiento del sitio.<br data-start=\"3343\" data-end=\"3346\" \/>Le recomendamos revisar esta p\u00e1gina peri\u00f3dicamente.<\/p>\n<h2 data-start=\"3404\" data-end=\"3418\"><span class=\"ez-toc-section\" id=\"7_Contacto\"><\/span>7. Contacto<span class=\"ez-toc-section-end\"><\/span><\/h2>\n<p data-start=\"3420\" data-end=\"3559\">Para cualquier consulta sobre esta pol\u00edtica o el uso de cookies, puede escribirnos a:<br data-start=\"3505\" data-end=\"3508\" \/>\ud83d\udce7 <strong data-start=\"3511\" data-end=\"3559\"><a class=\"decorated-link cursor-pointer\" rel=\"noopener\" data-start=\"3513\" data-end=\"3557\">contacto@escuelanacionallenguajecorporal.com<\/a><\/strong><\/p>\n","protected":false},"excerpt":{"rendered":"<p>Escuela Nacional de Lenguaje Corporal Fecha de \u00faltima actualizaci\u00f3n: 10 de noviembre de 2025 1. \u00bfQu\u00e9 son las cookies? Las [&hellip;]<\/p>\n","protected":false},"author":1,"featured_media":0,"parent":0,"menu_order":0,"comment_status":"closed","ping_status":"closed","template":"","meta":{"site-sidebar-layout":"default","site-content-layout":"","ast-site-content-layout":"default","site-content-style":"default","site-sidebar-style":"default","ast-global-header-display":"","ast-banner-title-visibility":"","ast-main-header-display":"","ast-hfb-above-header-display":"","ast-hfb-below-header-display":"","ast-hfb-mobile-header-display":"","site-post-title":"","ast-breadcrumbs-content":"","ast-featured-img":"","footer-sml-layout":"","ast-disable-related-posts":"","theme-transparent-header-meta":"","adv-header-id-meta":"","stick-header-meta":"","header-above-stick-meta":"","header-main-stick-meta":"","header-below-stick-meta":"","astra-migrate-meta-layouts":"default","ast-page-background-enabled":"default","ast-page-background-meta":{"desktop":{"background-color":"var(--ast-global-color-5)","background-image":"","background-repeat":"repeat","background-position":"center center","background-size":"auto","background-attachment":"scroll","background-type":"","background-media":"","overlay-type":"","overlay-color":"","overlay-opacity":"","overlay-gradient":""},"tablet":{"background-color":"","background-image":"","background-repeat":"repeat","background-position":"center center","background-size":"auto","background-attachment":"scroll","background-type":"","background-media":"","overlay-type":"","overlay-color":"","overlay-opacity":"","overlay-gradient":""},"mobile":{"background-color":"","background-image":"","background-repeat":"repeat","background-position":"center center","background-size":"auto","background-attachment":"scroll","background-type":"","background-media":"","overlay-type":"","overlay-color":"","overlay-opacity":"","overlay-gradient":""}},"ast-content-background-meta":{"desktop":{"background-color":"var(--ast-global-color-4)","background-image":"","background-repeat":"repeat","background-position":"center center","background-size":"auto","background-attachment":"scroll","background-type":"","background-media":"","overlay-type":"","overlay-color":"","overlay-opacity":"","overlay-gradient":""},"tablet":{"background-color":"var(--ast-global-color-4)","background-image":"","background-repeat":"repeat","background-position":"center center","background-size":"auto","background-attachment":"scroll","background-type":"","background-media":"","overlay-type":"","overlay-color":"","overlay-opacity":"","overlay-gradient":""},"mobile":{"background-color":"var(--ast-global-color-4)","background-image":"","background-repeat":"repeat","background-position":"center center","background-size":"auto","background-attachment":"scroll","background-type":"","background-media":"","overlay-type":"","overlay-color":"","overlay-opacity":"","overlay-gradient":""}},"footnotes":""},"class_list":["post-69","page","type-page","status-publish","hentry"],"yoast_head":"<!-- This site is optimized with the Yoast SEO plugin v27.3 - https:\/\/yoast.com\/product\/yoast-seo-wordpress\/ -->\n<title>Pol\u00edtica de Cookies - Escuela Nacional de Lenguaje Corporal<\/title>\n<meta name=\"robots\" content=\"index, follow, max-snippet:-1, max-image-preview:large, max-video-preview:-1\" \/>\n<link rel=\"canonical\" href=\"https:\/\/escuelanacionaldelenguajecorporal.com\/index.php\/politica-de-cookies\/\" \/>\n<meta property=\"og:locale\" content=\"es_ES\" \/>\n<meta property=\"og:type\" content=\"article\" \/>\n<meta property=\"og:title\" content=\"Pol\u00edtica de Cookies - Escuela Nacional de Lenguaje Corporal\" \/>\n<meta property=\"og:description\" content=\"Escuela Nacional de Lenguaje Corporal Fecha de \u00faltima actualizaci\u00f3n: 10 de noviembre de 2025 1. \u00bfQu\u00e9 son las cookies? Las [&hellip;]\" \/>\n<meta property=\"og:url\" content=\"https:\/\/escuelanacionaldelenguajecorporal.com\/index.php\/politica-de-cookies\/\" \/>\n<meta property=\"og:site_name\" content=\"Escuela Nacional de Lenguaje Corporal\" \/>\n<meta name=\"twitter:card\" content=\"summary_large_image\" \/>\n<meta name=\"twitter:label1\" content=\"Tiempo de lectura\" \/>\n\t<meta name=\"twitter:data1\" content=\"2 minutos\" \/>\n<script type=\"application\/ld+json\" class=\"yoast-schema-graph\">{\"@context\":\"https:\\\/\\\/schema.org\",\"@graph\":[{\"@type\":\"WebPage\",\"@id\":\"https:\\\/\\\/escuelanacionaldelenguajecorporal.com\\\/index.php\\\/politica-de-cookies\\\/\",\"url\":\"https:\\\/\\\/escuelanacionaldelenguajecorporal.com\\\/index.php\\\/politica-de-cookies\\\/\",\"name\":\"Pol\u00edtica de Cookies - Escuela Nacional de Lenguaje Corporal\",\"isPartOf\":{\"@id\":\"https:\\\/\\\/escuelanacionaldelenguajecorporal.com\\\/#website\"},\"datePublished\":\"2025-11-10T11:24:42+00:00\",\"breadcrumb\":{\"@id\":\"https:\\\/\\\/escuelanacionaldelenguajecorporal.com\\\/index.php\\\/politica-de-cookies\\\/#breadcrumb\"},\"inLanguage\":\"es\",\"potentialAction\":[{\"@type\":\"ReadAction\",\"target\":[\"https:\\\/\\\/escuelanacionaldelenguajecorporal.com\\\/index.php\\\/politica-de-cookies\\\/\"]}]},{\"@type\":\"BreadcrumbList\",\"@id\":\"https:\\\/\\\/escuelanacionaldelenguajecorporal.com\\\/index.php\\\/politica-de-cookies\\\/#breadcrumb\",\"itemListElement\":[{\"@type\":\"ListItem\",\"position\":1,\"name\":\"Portada\",\"item\":\"https:\\\/\\\/escuelanacionaldelenguajecorporal.com\\\/\"},{\"@type\":\"ListItem\",\"position\":2,\"name\":\"Pol\u00edtica de Cookies\"}]},{\"@type\":\"WebSite\",\"@id\":\"https:\\\/\\\/escuelanacionaldelenguajecorporal.com\\\/#website\",\"url\":\"https:\\\/\\\/escuelanacionaldelenguajecorporal.com\\\/\",\"name\":\"Escuela Nacional de Lenguaje Corporal\",\"description\":\"\",\"publisher\":{\"@id\":\"https:\\\/\\\/escuelanacionaldelenguajecorporal.com\\\/#organization\"},\"potentialAction\":[{\"@type\":\"SearchAction\",\"target\":{\"@type\":\"EntryPoint\",\"urlTemplate\":\"https:\\\/\\\/escuelanacionaldelenguajecorporal.com\\\/?s={search_term_string}\"},\"query-input\":{\"@type\":\"PropertyValueSpecification\",\"valueRequired\":true,\"valueName\":\"search_term_string\"}}],\"inLanguage\":\"es\"},{\"@type\":\"Organization\",\"@id\":\"https:\\\/\\\/escuelanacionaldelenguajecorporal.com\\\/#organization\",\"name\":\"Escuela Nacional de Lenguaje Corporal\",\"url\":\"https:\\\/\\\/escuelanacionaldelenguajecorporal.com\\\/\",\"logo\":{\"@type\":\"ImageObject\",\"inLanguage\":\"es\",\"@id\":\"https:\\\/\\\/escuelanacionaldelenguajecorporal.com\\\/#\\\/schema\\\/logo\\\/image\\\/\",\"url\":\"https:\\\/\\\/escuelanacionaldelenguajecorporal.com\\\/wp-content\\\/uploads\\\/2025\\\/11\\\/IMG_20250911_221748_232_080035-removebg-preview.png\",\"contentUrl\":\"https:\\\/\\\/escuelanacionaldelenguajecorporal.com\\\/wp-content\\\/uploads\\\/2025\\\/11\\\/IMG_20250911_221748_232_080035-removebg-preview.png\",\"width\":500,\"height\":500,\"caption\":\"Escuela Nacional de Lenguaje Corporal\"},\"image\":{\"@id\":\"https:\\\/\\\/escuelanacionaldelenguajecorporal.com\\\/#\\\/schema\\\/logo\\\/image\\\/\"}}]}<\/script>\n<!-- \/ Yoast SEO plugin. -->","yoast_head_json":{"title":"Pol\u00edtica de Cookies - Escuela Nacional de Lenguaje Corporal","robots":{"index":"index","follow":"follow","max-snippet":"max-snippet:-1","max-image-preview":"max-image-preview:large","max-video-preview":"max-video-preview:-1"},"canonical":"https:\/\/escuelanacionaldelenguajecorporal.com\/index.php\/politica-de-cookies\/","og_locale":"es_ES","og_type":"article","og_title":"Pol\u00edtica de Cookies - Escuela Nacional de Lenguaje Corporal","og_description":"Escuela Nacional de Lenguaje Corporal Fecha de \u00faltima actualizaci\u00f3n: 10 de noviembre de 2025 1. \u00bfQu\u00e9 son las cookies? Las [&hellip;]","og_url":"https:\/\/escuelanacionaldelenguajecorporal.com\/index.php\/politica-de-cookies\/","og_site_name":"Escuela Nacional de Lenguaje Corporal","twitter_card":"summary_large_image","twitter_misc":{"Tiempo de lectura":"2 minutos"},"schema":{"@context":"https:\/\/schema.org","@graph":[{"@type":"WebPage","@id":"https:\/\/escuelanacionaldelenguajecorporal.com\/index.php\/politica-de-cookies\/","url":"https:\/\/escuelanacionaldelenguajecorporal.com\/index.php\/politica-de-cookies\/","name":"Pol\u00edtica de Cookies - Escuela Nacional de Lenguaje Corporal","isPartOf":{"@id":"https:\/\/escuelanacionaldelenguajecorporal.com\/#website"},"datePublished":"2025-11-10T11:24:42+00:00","breadcrumb":{"@id":"https:\/\/escuelanacionaldelenguajecorporal.com\/index.php\/politica-de-cookies\/#breadcrumb"},"inLanguage":"es","potentialAction":[{"@type":"ReadAction","target":["https:\/\/escuelanacionaldelenguajecorporal.com\/index.php\/politica-de-cookies\/"]}]},{"@type":"BreadcrumbList","@id":"https:\/\/escuelanacionaldelenguajecorporal.com\/index.php\/politica-de-cookies\/#breadcrumb","itemListElement":[{"@type":"ListItem","position":1,"name":"Portada","item":"https:\/\/escuelanacionaldelenguajecorporal.com\/"},{"@type":"ListItem","position":2,"name":"Pol\u00edtica de Cookies"}]},{"@type":"WebSite","@id":"https:\/\/escuelanacionaldelenguajecorporal.com\/#website","url":"https:\/\/escuelanacionaldelenguajecorporal.com\/","name":"Escuela Nacional de Lenguaje Corporal","description":"","publisher":{"@id":"https:\/\/escuelanacionaldelenguajecorporal.com\/#organization"},"potentialAction":[{"@type":"SearchAction","target":{"@type":"EntryPoint","urlTemplate":"https:\/\/escuelanacionaldelenguajecorporal.com\/?s={search_term_string}"},"query-input":{"@type":"PropertyValueSpecification","valueRequired":true,"valueName":"search_term_string"}}],"inLanguage":"es"},{"@type":"Organization","@id":"https:\/\/escuelanacionaldelenguajecorporal.com\/#organization","name":"Escuela Nacional de Lenguaje Corporal","url":"https:\/\/escuelanacionaldelenguajecorporal.com\/","logo":{"@type":"ImageObject","inLanguage":"es","@id":"https:\/\/escuelanacionaldelenguajecorporal.com\/#\/schema\/logo\/image\/","url":"https:\/\/escuelanacionaldelenguajecorporal.com\/wp-content\/uploads\/2025\/11\/IMG_20250911_221748_232_080035-removebg-preview.png","contentUrl":"https:\/\/escuelanacionaldelenguajecorporal.com\/wp-content\/uploads\/2025\/11\/IMG_20250911_221748_232_080035-removebg-preview.png","width":500,"height":500,"caption":"Escuela Nacional de Lenguaje Corporal"},"image":{"@id":"https:\/\/escuelanacionaldelenguajecorporal.com\/#\/schema\/logo\/image\/"}}]}},"_links":{"self":[{"href":"https:\/\/escuelanacionaldelenguajecorporal.com\/index.php\/wp-json\/wp\/v2\/pages\/69","targetHints":{"allow":["GET"]}}],"collection":[{"href":"https:\/\/escuelanacionaldelenguajecorporal.com\/index.php\/wp-json\/wp\/v2\/pages"}],"about":[{"href":"https:\/\/escuelanacionaldelenguajecorporal.com\/index.php\/wp-json\/wp\/v2\/types\/page"}],"author":[{"embeddable":true,"href":"https:\/\/escuelanacionaldelenguajecorporal.com\/index.php\/wp-json\/wp\/v2\/users\/1"}],"replies":[{"embeddable":true,"href":"https:\/\/escuelanacionaldelenguajecorporal.com\/index.php\/wp-json\/wp\/v2\/comments?post=69"}],"version-history":[{"count":1,"href":"https:\/\/escuelanacionaldelenguajecorporal.com\/index.php\/wp-json\/wp\/v2\/pages\/69\/revisions"}],"predecessor-version":[{"id":70,"href":"https:\/\/escuelanacionaldelenguajecorporal.com\/index.php\/wp-json\/wp\/v2\/pages\/69\/revisions\/70"}],"wp:attachment":[{"href":"https:\/\/escuelanacionaldelenguajecorporal.com\/index.php\/wp-json\/wp\/v2\/media?parent=69"}],"curies":[{"name":"wp","href":"https:\/\/api.w.org\/{rel}","templated":true}]}}